{"id":1270,"date":"2021-08-12T23:14:41","date_gmt":"2021-08-12T23:14:41","guid":{"rendered":"https:\/\/baker.la-studioweb.com\/?page_id=1270"},"modified":"2025-11-11T11:02:23","modified_gmt":"2025-11-11T11:02:23","slug":"kontakt","status":"publish","type":"page","link":"https:\/\/www.die-backprinzen.de\/index.php\/kontakt\/","title":{"rendered":"Kontakt"},"content":{"rendered":"\t\t<div data-elementor-type=\"wp-page\" data-elementor-id=\"1270\" class=\"elementor elementor-1270\">\n\t\t\t\t\t\t<section class=\"elementor-section elementor-top-section elementor-element elementor-element-6276bc6 elementor-section-boxed elementor-section-height-default elementor-section-height-default e-parent\" data-id=\"6276bc6\" data-element_type=\"section\" data-e-type=\"section\" data-settings=\"{&quot;background_background&quot;:&quot;classic&quot;,&quot;background_motion_fx_motion_fx_scrolling&quot;:&quot;yes&quot;,&quot;background_motion_fx_translateY_effect&quot;:&quot;yes&quot;,&quot;background_motion_fx_translateY_speed&quot;:{&quot;unit&quot;:&quot;px&quot;,&quot;size&quot;:3,&quot;sizes&quot;:[]},&quot;background_motion_fx_translateY_affectedRange&quot;:{&quot;unit&quot;:&quot;%&quot;,&quot;size&quot;:&quot;&quot;,&quot;sizes&quot;:{&quot;start&quot;:20,&quot;end&quot;:80}},&quot;background_motion_fx_devices&quot;:[&quot;mobile&quot;,&quot;mobile_extra&quot;,&quot;tablet&quot;,&quot;laptop&quot;,&quot;desktop&quot;]}\">\n\t\t\t\t\t\t\t<div class=\"elementor-background-overlay\"><\/div>\n\t\t\t\t\t\t\t<div class=\"elementor-container elementor-column-gap-no\">\n\t\t\t\t\t<div class=\"elementor-column elementor-col-100 elementor-top-column elementor-element elementor-element-956ae32 lakit-col-width-auto-no\" data-id=\"956ae32\" data-element_type=\"column\" data-e-type=\"column\">\n\t\t\t<div class=\"elementor-widget-wrap elementor-element-populated\">\n\t\t\t\t\t\t<div class=\"elementor-element elementor-element-3301d58 elementor-widget elementor-widget-heading\" data-id=\"3301d58\" data-element_type=\"widget\" data-e-type=\"widget\" data-widget_type=\"heading.default\">\n\t\t\t\t\t<h1 class=\"elementor-heading-title elementor-size-default\">Kontakt<\/h1>\t\t\t\t<\/div>\n\t\t\t\t<div class=\"elementor-element elementor-element-1187936 lakit-breadcrumbs-align-center elementor-widget lastudio-kit elementor-lakit-breadcrumbs\" data-id=\"1187936\" data-element_type=\"widget\" data-e-type=\"widget\" data-widget_type=\"lakit-breadcrumbs.default\">\n\t\t\t\t\t\n\t\t<div class=\"lakit-breadcrumbs\">\n\t\t<div class=\"lakit-breadcrumbs__content\">\n\t\t<div class=\"lakit-breadcrumbs__wrap\"><div class=\"lakit-breadcrumbs__item\"><a href=\"https:\/\/www.die-backprinzen.de\/\" class=\"lakit-breadcrumbs__item-link is-home\" rel=\"home\" title=\"Home\">Home<\/a><\/div>\n\t\t<\/div>\n\t\t<\/div>\n\t\t<\/div>\t\t\t\t<\/div>\n\t\t\t\t\t<\/div>\n\t\t<\/div>\n\t\t\t\t\t<\/div>\n\t\t<\/section>\n\t\t\t\t<section class=\"elementor-section elementor-top-section elementor-element elementor-element-19558a7 elementor-section-boxed elementor-section-height-default elementor-section-height-default e-parent\" data-id=\"19558a7\" data-element_type=\"section\" data-e-type=\"section\">\n\t\t\t\t\t\t<div class=\"elementor-container elementor-column-gap-no\">\n\t\t\t\t\t<div class=\"elementor-column elementor-col-50 elementor-top-column elementor-element elementor-element-61a55ad lakit-col-width-auto-no\" data-id=\"61a55ad\" data-element_type=\"column\" data-e-type=\"column\">\n\t\t\t<div class=\"elementor-widget-wrap elementor-element-populated\">\n\t\t\t\t\t\t<div class=\"elementor-element elementor-element-760a421 elementor-widget elementor-widget-heading\" data-id=\"760a421\" data-element_type=\"widget\" data-e-type=\"widget\" data-widget_type=\"heading.default\">\n\t\t\t\t\t<h2 class=\"elementor-heading-title elementor-size-default\">Informationen<\/h2>\t\t\t\t<\/div>\n\t\t\t\t<div class=\"elementor-element elementor-element-54f7686 elementor-widget__width-initial elementor-widget elementor-widget-text-editor\" data-id=\"54f7686\" data-element_type=\"widget\" data-e-type=\"widget\" data-widget_type=\"text-editor.default\">\n\t\t\t\t\t\t\t\t\t<p>Fragen, W\u00fcnsche oder Feedback? Wir sind gerne f\u00fcr Sie da!<\/p>\t\t\t\t\t\t\t\t<\/div>\n\t\t\t\t<section class=\"elementor-section elementor-inner-section elementor-element elementor-element-8d66159 elementor-section-content-middle elementor-section-boxed elementor-section-height-default elementor-section-height-default\" data-id=\"8d66159\" data-element_type=\"section\" data-e-type=\"section\">\n\t\t\t\t\t\t<div class=\"elementor-container elementor-column-gap-no\">\n\t\t\t\t\t<div class=\"elementor-column elementor-col-50 elementor-inner-column elementor-element elementor-element-dc37120 lakit-col-width-auto-no\" data-id=\"dc37120\" data-element_type=\"column\" data-e-type=\"column\">\n\t\t\t<div class=\"elementor-widget-wrap elementor-element-populated\">\n\t\t\t\t\t\t<div class=\"elementor-element elementor-element-4455e08 elementor-view-stacked elementor-shape-circle elementor-widget elementor-widget-icon\" data-id=\"4455e08\" data-element_type=\"widget\" data-e-type=\"widget\" data-widget_type=\"icon.default\">\n\t\t\t\t\t\t\t<div class=\"elementor-icon-wrapper\">\n\t\t\t<div class=\"elementor-icon\">\n\t\t\t<svg xmlns=\"http:\/\/www.w3.org\/2000\/svg\" width=\"300\" height=\"300\" viewBox=\"0 0 300 300\" class=\"lakit-font-icon-svg\" data-icon-name=\"pin-3-2\" data-icon-type=\"LaStudioIcons\"><path d=\"M132.9 1.2C89.1 7.5 51.3 41.4 41.1 83.1c-7.2 30-2.7 56.7 15.9 90.9 17.7 32.1 49.2 73.8 79.2 104.4l13.8 14.1 13.8-14.1c30.3-30.9 62.4-73.5 79.2-105 14.7-27.3 20.1-47.1 19.2-67.8-1.2-16.8-4.5-30-11.4-44.1-20.7-42.3-69-67.2-117.9-60.3m32.7 25.2c33.6 5.7 60.6 30 69 62.4 3.3 12.9 3.3 29.7 0 41.7-6 21-24.6 53.1-50.4 85.8-13.5 17.7-32.7 39.9-34.2 39.9s-20.7-22.5-34.8-40.5c-25.2-32.4-43.8-64.2-49.8-85.2-7.2-26.7.9-58.2 20.7-78.3C107.4 30 135.3 21 165.6 26.4m-22.8 36.9c-13.8 1.5-29.4 12.3-36.3 24.9-10.8 19.2-7.2 43.5 8.4 59.4 28.8 28.8 78 12.6 84.3-27.9 3.9-23.7-11.7-48-35.1-54.9-5.7-1.8-13.5-2.4-21.3-1.5m20.4 28.2c2.7 1.8 6 5.1 7.8 7.8 2.7 3.9 3 5.7 3 13.2s-.3 9.3-3.3 13.5c-1.5 2.4-5.1 6-7.5 7.5-3.6 2.7-5.7 3-13.2 3s-9.6-.3-13.2-3c-13.2-9-15.3-27.3-4.2-38.4 5.4-5.7 10.2-7.2 18.6-6.9 6 .3 8.7.9 12 3.3\" fill=\"currentColor\"\/><\/svg>\t\t\t<\/div>\n\t\t<\/div>\n\t\t\t\t\t\t<\/div>\n\t\t\t\t\t<\/div>\n\t\t<\/div>\n\t\t\t\t<div class=\"elementor-column elementor-col-50 elementor-inner-column elementor-element elementor-element-719f4e4 lakit-col-width-auto-no\" data-id=\"719f4e4\" data-element_type=\"column\" data-e-type=\"column\">\n\t\t\t<div class=\"elementor-widget-wrap elementor-element-populated\">\n\t\t\t\t\t\t<div class=\"elementor-element elementor-element-808089f elementor-widget elementor-widget-text-editor\" data-id=\"808089f\" data-element_type=\"widget\" data-e-type=\"widget\" data-widget_type=\"text-editor.default\">\n\t\t\t\t\t\t\t\t\t<p>Filiale Verdistra\u00dfe 140, 81247 M\u00fcnchen<\/p><p>Filiale Heideckstra\u00dfe 4, 80637 M\u00fcnchen<\/p><p>Filiale Ehrwalder Str. 2, 81377 M\u00fcnchen<\/p>\t\t\t\t\t\t\t\t<\/div>\n\t\t\t\t\t<\/div>\n\t\t<\/div>\n\t\t\t\t\t<\/div>\n\t\t<\/section>\n\t\t\t\t<section class=\"elementor-section elementor-inner-section elementor-element elementor-element-5669b7c elementor-section-content-middle elementor-section-boxed elementor-section-height-default elementor-section-height-default\" data-id=\"5669b7c\" data-element_type=\"section\" data-e-type=\"section\">\n\t\t\t\t\t\t<div class=\"elementor-container elementor-column-gap-no\">\n\t\t\t\t\t<div class=\"elementor-column elementor-col-50 elementor-inner-column elementor-element elementor-element-675ce0a lakit-col-width-auto-no\" data-id=\"675ce0a\" data-element_type=\"column\" data-e-type=\"column\">\n\t\t\t<div class=\"elementor-widget-wrap elementor-element-populated\">\n\t\t\t\t\t\t<div class=\"elementor-element elementor-element-9c26015 elementor-view-stacked elementor-shape-circle elementor-widget elementor-widget-icon\" data-id=\"9c26015\" data-element_type=\"widget\" data-e-type=\"widget\" data-widget_type=\"icon.default\">\n\t\t\t\t\t\t\t<div class=\"elementor-icon-wrapper\">\n\t\t\t<div class=\"elementor-icon\">\n\t\t\t<svg xmlns=\"http:\/\/www.w3.org\/2000\/svg\" width=\"300\" height=\"300\" viewBox=\"0 0 300 300\" class=\"lakit-font-icon-svg\" data-icon-name=\"phone-2\" data-icon-type=\"LaStudioIcons\"><path d=\"M24 32.7L-.3 57.3l.6 15.6C5.1 168 62.4 248.4 150.9 283.5c23.4 9.3 49.2 14.7 76.2 16.2l15.6.6 24.6-24.3c13.5-13.5 24.6-25.2 24.6-25.8s-18-18.9-39.6-40.8l-39.6-39.6-18.6 18.9-18.9 18.6-41.4-41.1-41.1-41.4 18.6-18.9 18.9-18.6-39.6-39.6C68.7 26.1 50.4 8.1 49.8 8.1S37.5 19.2 24 32.7m48.9 32.7l21.9 21.9-18.6 18.6-18.9 18.9 59.1 58.8 58.8 59.1 18.9-18.9 18.6-18.6 22.2 22.2 22.2 22.2-12.9 12.9-12.6 12.9-12.3-1.2c-34.5-3.3-64.8-13.5-93.9-31.5-56.7-35.4-94.2-96.3-99.6-162.3l-.9-12 12.6-12.6c6.6-6.9 12.6-12.6 12.9-12.6s10.5 9.9 22.5 22.2\" fill=\"currentColor\"\/><\/svg>\t\t\t<\/div>\n\t\t<\/div>\n\t\t\t\t\t\t<\/div>\n\t\t\t\t\t<\/div>\n\t\t<\/div>\n\t\t\t\t<div class=\"elementor-column elementor-col-50 elementor-inner-column elementor-element elementor-element-65aa313 lakit-col-width-auto-no\" data-id=\"65aa313\" data-element_type=\"column\" data-e-type=\"column\">\n\t\t\t<div class=\"elementor-widget-wrap elementor-element-populated\">\n\t\t\t\t\t\t<div class=\"elementor-element elementor-element-5ac2874 elementor-widget elementor-widget-text-editor\" data-id=\"5ac2874\" data-element_type=\"widget\" data-e-type=\"widget\" data-widget_type=\"text-editor.default\">\n\t\t\t\t\t\t\t\t\t<p>Filiale Verdistra\u00dfe: 089 30704177<\/p><p>Filiale Heideckstra\u00dfe: 089 121 96808<\/p><p>Filiale Erwalder Stra\u00dfe: 089 30702125<\/p>\t\t\t\t\t\t\t\t<\/div>\n\t\t\t\t\t<\/div>\n\t\t<\/div>\n\t\t\t\t\t<\/div>\n\t\t<\/section>\n\t\t\t\t<section class=\"elementor-section elementor-inner-section elementor-element elementor-element-60a4a19 elementor-section-content-middle elementor-section-boxed elementor-section-height-default elementor-section-height-default\" data-id=\"60a4a19\" data-element_type=\"section\" data-e-type=\"section\">\n\t\t\t\t\t\t<div class=\"elementor-container elementor-column-gap-no\">\n\t\t\t\t\t<div class=\"elementor-column elementor-col-50 elementor-inner-column elementor-element elementor-element-f11c437 lakit-col-width-auto-no\" data-id=\"f11c437\" data-element_type=\"column\" data-e-type=\"column\">\n\t\t\t<div class=\"elementor-widget-wrap elementor-element-populated\">\n\t\t\t\t\t\t<div class=\"elementor-element elementor-element-8571982 elementor-view-stacked elementor-shape-circle elementor-widget elementor-widget-icon\" data-id=\"8571982\" data-element_type=\"widget\" data-e-type=\"widget\" data-widget_type=\"icon.default\">\n\t\t\t\t\t\t\t<div class=\"elementor-icon-wrapper\">\n\t\t\t<div class=\"elementor-icon\">\n\t\t\t<svg xmlns=\"http:\/\/www.w3.org\/2000\/svg\" width=\"300\" height=\"300\" viewBox=\"0 0 300 300\" class=\"lakit-font-icon-svg\" data-icon-name=\"mail\" data-icon-type=\"LaStudioIcons\"><path d=\"M27 26.1c-3.6.9-8.1 2.4-10.2 3.6-5.1 2.7-11.4 10.2-14.1 16.8C.6 51.9.6 56.7.6 150.6V249l2.7 6c4.8 10.5 13.2 17.1 25.2 19.2 9.9 1.8 233.1 1.8 243 0 12-2.1 20.4-8.7 25.2-19.2l2.7-6v-98.4c0-93.9 0-98.7-2.1-104.1-2.7-6.9-9-14.1-14.7-17.1-2.4-1.2-7.5-2.7-11.4-3.6C261 24 35.7 24.3 27 26.1m225.6 26.4c-1.5 1.2-24.9 22.2-52.2 47.1s-49.8 45-50.4 45-23.1-20.1-50.4-45-50.7-45.9-52.2-47.1c-2.1-1.8 3.3-2.1 102.6-2.1s104.7.3 102.6 2.1M91.8 126.3l58.2 53.1 62.4-56.7 62.4-57 .3 85.8c.3 47.1 0 87.6-.3 89.7s-1.8 4.8-3 6c-2.1 2.4-5.1 2.4-121.8 2.4-115.8 0-119.4 0-122.1-2.1l-2.7-2.4-.3-90-.3-90 4.5 4.2c2.4 2.4 30.6 27.9 62.7 57\" fill=\"currentColor\"\/><\/svg>\t\t\t<\/div>\n\t\t<\/div>\n\t\t\t\t\t\t<\/div>\n\t\t\t\t\t<\/div>\n\t\t<\/div>\n\t\t\t\t<div class=\"elementor-column elementor-col-50 elementor-inner-column elementor-element elementor-element-c3d8936 lakit-col-width-auto-no\" data-id=\"c3d8936\" data-element_type=\"column\" data-e-type=\"column\">\n\t\t\t<div class=\"elementor-widget-wrap elementor-element-populated\">\n\t\t\t\t\t\t<div class=\"elementor-element elementor-element-366372e elementor-widget elementor-widget-text-editor\" data-id=\"366372e\" data-element_type=\"widget\" data-e-type=\"widget\" data-widget_type=\"text-editor.default\">\n\t\t\t\t\t\t\t\t\t<a href=\"mailto:info@die-backprinzen.de\">info@die-backprinzen.de<\/a>\t\t\t\t\t\t\t\t<\/div>\n\t\t\t\t\t<\/div>\n\t\t<\/div>\n\t\t\t\t\t<\/div>\n\t\t<\/section>\n\t\t\t\t\t<\/div>\n\t\t<\/div>\n\t\t\t\t<div class=\"elementor-column elementor-col-50 elementor-top-column elementor-element elementor-element-24d76cb lakit-col-width-auto-no\" data-id=\"24d76cb\" data-element_type=\"column\" data-e-type=\"column\" data-settings=\"{&quot;background_background&quot;:&quot;classic&quot;}\">\n\t\t\t<div class=\"elementor-widget-wrap elementor-element-populated\">\n\t\t\t\t\t\t<div class=\"elementor-element elementor-element-0e016c2 elementor-widget elementor-widget-heading\" data-id=\"0e016c2\" data-element_type=\"widget\" data-e-type=\"widget\" data-widget_type=\"heading.default\">\n\t\t\t\t\t<h2 class=\"elementor-heading-title elementor-size-default\">Ihr direkter Kontakt zu uns<\/h2>\t\t\t\t<\/div>\n\t\t\t\t<div class=\"elementor-element elementor-element-f6c4e85 elementor-widget lastudio-kit elementor-lakit-contactform7\" data-id=\"f6c4e85\" data-element_type=\"widget\" data-e-type=\"widget\" data-widget_type=\"lakit-contactform7.default\">\n\t\t\t\t\t\n<div class=\"wpcf7 no-js\" id=\"wpcf7-f1257-o1\" lang=\"en-US\" dir=\"ltr\" data-wpcf7-id=\"1257\">\n<div class=\"screen-reader-response\"><p role=\"status\" aria-live=\"polite\" aria-atomic=\"true\"><\/p> <ul><\/ul><\/div>\n<form action=\"\/index.php\/wp-json\/wp\/v2\/pages\/1270#wpcf7-f1257-o1\" method=\"post\" class=\"wpcf7-form init\" aria-label=\"Contact form\" novalidate=\"novalidate\" data-status=\"init\">\n<fieldset class=\"hidden-fields-container\"><input type=\"hidden\" name=\"_wpcf7\" value=\"1257\" \/><input type=\"hidden\" name=\"_wpcf7_version\" value=\"6.1.5\" \/><input type=\"hidden\" name=\"_wpcf7_locale\" value=\"en_US\" \/><input type=\"hidden\" name=\"_wpcf7_unit_tag\" value=\"wpcf7-f1257-o1\" \/><input type=\"hidden\" name=\"_wpcf7_container_post\" value=\"0\" \/><input type=\"hidden\" name=\"_wpcf7_posted_data_hash\" value=\"\" \/>\n<\/fieldset>\n<div class=\"lakit-row gap-14\">\n\t<div class=\"lakit-col\">\n\t\t<label for=\"first-name\">Vorname*<\/label><span class=\"wpcf7-form-control-wrap\" data-name=\"first-name\"><input size=\"40\" maxlength=\"400\" class=\"wpcf7-form-control wpcf7-text wpcf7-validates-as-required\" aria-required=\"true\" aria-invalid=\"false\" value=\"\" type=\"text\" name=\"first-name\" \/><\/span>\n\t<\/div>\n\t<div class=\"lakit-col\">\n\t\t<label for=\"last-name\">Nachname*<\/label><span class=\"wpcf7-form-control-wrap\" data-name=\"last-name\"><input size=\"40\" maxlength=\"400\" class=\"wpcf7-form-control wpcf7-text wpcf7-validates-as-required\" aria-required=\"true\" aria-invalid=\"false\" value=\"\" type=\"text\" name=\"last-name\" \/><\/span>\n\t<\/div>\n<\/div>\n\n<div class=\"lakit-row gap-14\">\n\t<div class=\"lakit-col\">\n\t\t<label for=\"your-email\">E-Mail Adresse*<\/label><span class=\"wpcf7-form-control-wrap\" data-name=\"your-email\"><input size=\"40\" maxlength=\"400\" class=\"wpcf7-form-control wpcf7-email wpcf7-validates-as-required wpcf7-text wpcf7-validates-as-email\" aria-required=\"true\" aria-invalid=\"false\" value=\"\" type=\"email\" name=\"your-email\" \/><\/span>\n\t<\/div>\n<\/div>\n\n<div class=\"lakit-row gap-14\">\n\t<div class=\"lakit-col\">\n\t\t<label for=\"phone\">Telefonnummer*<\/label><span class=\"wpcf7-form-control-wrap\" data-name=\"phone\"><input size=\"40\" maxlength=\"400\" class=\"wpcf7-form-control wpcf7-tel wpcf7-validates-as-required wpcf7-text wpcf7-validates-as-tel\" aria-required=\"true\" aria-invalid=\"false\" value=\"\" type=\"tel\" name=\"phone\" \/><\/span>\n\t<\/div>\n<\/div>\n\n<div class=\"lakit-row gap-14\">\n\t<div class=\"lakit-col\">\n\t\t<label for=\"your-message\">Nachricht*<\/label><span class=\"wpcf7-form-control-wrap\" data-name=\"your-message\"><textarea cols=\"40\" rows=\"10\" maxlength=\"2000\" class=\"wpcf7-form-control wpcf7-textarea wpcf7-validates-as-required\" aria-required=\"true\" aria-invalid=\"false\" name=\"your-message\"><\/textarea><\/span>\n\t<\/div>\n<\/div>\n\n\n<div class=\"lakit-row gap-14\">\n\t<div class=\"lakit-col\">\n\t\t<label class=\"privacy-label\">\n\t\t\t<span class=\"wpcf7-form-control-wrap\" data-name=\"acceptance-207\"><span class=\"wpcf7-form-control wpcf7-acceptance\"><span class=\"wpcf7-list-item\"><label><input type=\"checkbox\" name=\"acceptance-207\" value=\"1\" aria-invalid=\"false\" \/><span class=\"wpcf7-list-item-label\">Ich habe die <a href=\"https:\/\/www.die-backprinzen.de\/index.php\/datenschutz\/\" target=\"_blank\" rel=\"noopener\">Datenschutzerkl\u00e4rung<\/a> gelesen und akzeptiere sie.<\/span><\/label><\/span><\/span><\/span>\n\t\t<\/label>\n\t<\/div>\n<\/div>\n\n<div class=\"lakit-row gap-14 text-center\">\n\t<div class=\"lakit-col\">\n\t\t<input class=\"wpcf7-form-control wpcf7-submit has-spinner\" type=\"submit\" value=\"Absenden\" \/>\n\t<\/div>\n<\/div><div class=\"wpcf7-response-output\" aria-hidden=\"true\"><\/div>\n<\/form>\n<\/div>\n\t\t\t\t<\/div>\n\t\t\t\t\t<\/div>\n\t\t<\/div>\n\t\t\t\t\t<\/div>\n\t\t<\/section>\n\t\t\t\t<section class=\"elementor-section elementor-top-section elementor-element elementor-element-9c82374 elementor-section-height-min-height elementor-section-boxed elementor-section-height-default elementor-section-items-middle e-parent\" data-id=\"9c82374\" data-element_type=\"section\" data-e-type=\"section\" data-settings=\"{&quot;background_background&quot;:&quot;classic&quot;}\">\n\t\t\t\t\t\t<div class=\"elementor-container elementor-column-gap-no\">\n\t\t\t\t\t<div class=\"elementor-column elementor-col-50 elementor-top-column elementor-element elementor-element-94090ed lakit-col-width-auto-no\" data-id=\"94090ed\" data-element_type=\"column\" data-e-type=\"column\">\n\t\t\t<div class=\"elementor-widget-wrap elementor-element-populated\">\n\t\t\t\t\t\t<div class=\"elementor-element elementor-element-580a0ea elementor-widget elementor-widget-heading\" data-id=\"580a0ea\" data-element_type=\"widget\" data-e-type=\"widget\" data-widget_type=\"heading.default\">\n\t\t\t\t\t<h2 class=\"elementor-heading-title elementor-size-default\">Werde Teil unserer Backfamilie \u2013 jetzt bewerben!<\/h2>\t\t\t\t<\/div>\n\t\t\t\t\t<\/div>\n\t\t<\/div>\n\t\t\t\t<div class=\"elementor-column elementor-col-50 elementor-top-column elementor-element elementor-element-82dc2e9 lakit-col-width-auto-no\" data-id=\"82dc2e9\" data-element_type=\"column\" data-e-type=\"column\">\n\t\t\t<div class=\"elementor-widget-wrap elementor-element-populated\">\n\t\t\t\t\t\t<div class=\"elementor-element elementor-element-ba812ec elementor-align-center elementor-widget lastudio-kit elementor-lakit-button\" data-id=\"ba812ec\" data-element_type=\"widget\" data-e-type=\"widget\" data-widget_type=\"lakit-button.default\">\n\t\t\t\t\t        <a href=\"https:\/\/www.die-backprinzen.de\/index.php\/jobs\/\" class=\"elementor-button-link elementor-button elementor-btn-align-icon- elementor-size-xl\" role=\"button\">\n                    <span class=\"elementor-button-content-wrapper\">\n\t\t\t\t\t\t<span class=\"elementor-button-text\">Jetzt bewerben!<\/span>\n\t\t<\/span>\n                <\/a>\n        \t\t\t\t<\/div>\n\t\t\t\t\t<\/div>\n\t\t<\/div>\n\t\t\t\t\t<\/div>\n\t\t<\/section>\n\t\t\t\t<\/div>\n\t\t","protected":false},"excerpt":{"rendered":"<p>Kontakt Home Informationen Fragen, W\u00fcnsche oder Feedback? Wir sind gerne f\u00fcr Sie da! Filiale Verdistra\u00dfe 140, 81247 M\u00fcnchen Filiale Heideckstra\u00dfe [&hellip;]<\/p>\n","protected":false},"author":1,"featured_media":0,"parent":0,"menu_order":0,"comment_status":"closed","ping_status":"closed","template":"","meta":{"footnotes":""},"class_list":["post-1270","page","type-page","status-publish","hentry"],"yoast_head":"<!-- This site is optimized with the Yoast SEO plugin v27.5 - https:\/\/yoast.com\/product\/yoast-seo-wordpress\/ -->\n<title>Kontakt - Die Backprinzen<\/title>\n<meta name=\"robots\" content=\"index, follow, max-snippet:-1, max-image-preview:large, max-video-preview:-1\" \/>\n<link rel=\"canonical\" href=\"https:\/\/www.die-backprinzen.de\/index.php\/kontakt\/\" \/>\n<meta property=\"og:locale\" content=\"de_DE\" \/>\n<meta property=\"og:type\" content=\"article\" \/>\n<meta property=\"og:title\" content=\"Kontakt - Die Backprinzen\" \/>\n<meta property=\"og:description\" content=\"Kontakt Home Informationen Fragen, W\u00fcnsche oder Feedback? Wir sind gerne f\u00fcr Sie da! Filiale Verdistra\u00dfe 140, 81247 M\u00fcnchen Filiale Heideckstra\u00dfe [&hellip;]\" \/>\n<meta property=\"og:url\" content=\"https:\/\/www.die-backprinzen.de\/index.php\/kontakt\/\" \/>\n<meta property=\"og:site_name\" content=\"Die Backprinzen\" \/>\n<meta property=\"article:modified_time\" content=\"2025-11-11T11:02:23+00:00\" \/>\n<meta name=\"twitter:card\" content=\"summary_large_image\" \/>\n<!-- \/ Yoast SEO plugin. -->","yoast_head_json":{"title":"Kontakt - Die Backprinzen","robots":{"index":"index","follow":"follow","max-snippet":"max-snippet:-1","max-image-preview":"max-image-preview:large","max-video-preview":"max-video-preview:-1"},"canonical":"https:\/\/www.die-backprinzen.de\/index.php\/kontakt\/","og_locale":"de_DE","og_type":"article","og_title":"Kontakt - Die Backprinzen","og_description":"Kontakt Home Informationen Fragen, W\u00fcnsche oder Feedback? Wir sind gerne f\u00fcr Sie da! Filiale Verdistra\u00dfe 140, 81247 M\u00fcnchen Filiale Heideckstra\u00dfe [&hellip;]","og_url":"https:\/\/www.die-backprinzen.de\/index.php\/kontakt\/","og_site_name":"Die Backprinzen","article_modified_time":"2025-11-11T11:02:23+00:00","twitter_card":"summary_large_image","schema":{"@context":"https:\/\/schema.org","@graph":[{"@type":"WebPage","@id":"https:\/\/www.die-backprinzen.de\/index.php\/kontakt\/","url":"https:\/\/www.die-backprinzen.de\/index.php\/kontakt\/","name":"Kontakt - Die Backprinzen","isPartOf":{"@id":"https:\/\/www.die-backprinzen.de\/#website"},"datePublished":"2021-08-12T23:14:41+00:00","dateModified":"2025-11-11T11:02:23+00:00","breadcrumb":{"@id":"https:\/\/www.die-backprinzen.de\/index.php\/kontakt\/#breadcrumb"},"inLanguage":"de","potentialAction":[{"@type":"ReadAction","target":["https:\/\/www.die-backprinzen.de\/index.php\/kontakt\/"]}]},{"@type":"BreadcrumbList","@id":"https:\/\/www.die-backprinzen.de\/index.php\/kontakt\/#breadcrumb","itemListElement":[{"@type":"ListItem","position":1,"name":"Startseite","item":"https:\/\/www.die-backprinzen.de\/"},{"@type":"ListItem","position":2,"name":"Kontakt"}]},{"@type":"WebSite","@id":"https:\/\/www.die-backprinzen.de\/#website","url":"https:\/\/www.die-backprinzen.de\/","name":"Die Backprinzen","description":"B\u00e4ckerei &amp; Konditorei","publisher":{"@id":"https:\/\/www.die-backprinzen.de\/#organization"},"potentialAction":[{"@type":"SearchAction","target":{"@type":"EntryPoint","urlTemplate":"https:\/\/www.die-backprinzen.de\/?s={search_term_string}"},"query-input":{"@type":"PropertyValueSpecification","valueRequired":true,"valueName":"search_term_string"}}],"inLanguage":"de"},{"@type":"Organization","@id":"https:\/\/www.die-backprinzen.de\/#organization","name":"Die Backprinzen","url":"https:\/\/www.die-backprinzen.de\/","logo":{"@type":"ImageObject","inLanguage":"de","@id":"https:\/\/www.die-backprinzen.de\/#\/schema\/logo\/image\/","url":"https:\/\/www.die-backprinzen.de\/wp-content\/uploads\/2025\/11\/20845cb0-c56e-4c56-8ceb-090094a46016-1.webp","contentUrl":"https:\/\/www.die-backprinzen.de\/wp-content\/uploads\/2025\/11\/20845cb0-c56e-4c56-8ceb-090094a46016-1.webp","width":378,"height":229,"caption":"Die Backprinzen"},"image":{"@id":"https:\/\/www.die-backprinzen.de\/#\/schema\/logo\/image\/"}}]}},"_links":{"self":[{"href":"https:\/\/www.die-backprinzen.de\/index.php\/wp-json\/wp\/v2\/pages\/1270","targetHints":{"allow":["GET"]}}],"collection":[{"href":"https:\/\/www.die-backprinzen.de\/index.php\/wp-json\/wp\/v2\/pages"}],"about":[{"href":"https:\/\/www.die-backprinzen.de\/index.php\/wp-json\/wp\/v2\/types\/page"}],"author":[{"embeddable":true,"href":"https:\/\/www.die-backprinzen.de\/index.php\/wp-json\/wp\/v2\/users\/1"}],"replies":[{"embeddable":true,"href":"https:\/\/www.die-backprinzen.de\/index.php\/wp-json\/wp\/v2\/comments?post=1270"}],"version-history":[{"count":20,"href":"https:\/\/www.die-backprinzen.de\/index.php\/wp-json\/wp\/v2\/pages\/1270\/revisions"}],"predecessor-version":[{"id":3319,"href":"https:\/\/www.die-backprinzen.de\/index.php\/wp-json\/wp\/v2\/pages\/1270\/revisions\/3319"}],"wp:attachment":[{"href":"https:\/\/www.die-backprinzen.de\/index.php\/wp-json\/wp\/v2\/media?parent=1270"}],"curies":[{"name":"wp","href":"https:\/\/api.w.org\/{rel}","templated":true}]}}